{"id":5321,"date":"2023-07-19T13:57:05","date_gmt":"2023-07-19T13:57:05","guid":{"rendered":"https:\/\/www.edmd-solutions.com\/?page_id=5321"},"modified":"2023-07-19T13:57:55","modified_gmt":"2023-07-19T13:57:55","slug":"contact","status":"publish","type":"page","link":"https:\/\/www.edmd-solutions.com\/hr\/contact\/","title":{"rendered":"Kontakt"},"content":{"rendered":"<div data-elementor-type=\"wp-page\" data-elementor-id=\"5321\" class=\"elementor elementor-5321\">\n\t\t\t\t\t\t<section class=\"elementor-section elementor-top-section elementor-element elementor-element-1c98cfbb elementor-section-full_width elementor-section-height-default elementor-section-height-default\" data-id=\"1c98cfbb\" data-element_type=\"section\" data-e-type=\"section\" data-settings=\"{&quot;background_background&quot;:&quot;classic&quot;}\">\n\t\t\t\t\t\t\t<div class=\"elementor-background-overlay\"><\/div>\n\t\t\t\t\t\t\t<div class=\"elementor-container elementor-column-gap-default\">\n\t\t\t\t\t<div class=\"elementor-column elementor-col-100 elementor-top-column elementor-element elementor-element-58875979\" data-id=\"58875979\" data-element_type=\"column\" data-e-type=\"column\">\n\t\t\t<div class=\"elementor-widget-wrap elementor-element-populated\">\n\t\t\t\t\t\t<div class=\"elementor-element elementor-element-6548aed6 elementor-widget elementor-widget-heading\" data-id=\"6548aed6\" data-element_type=\"widget\" data-e-type=\"widget\" data-widget_type=\"heading.default\">\n\t\t\t\t<div class=\"elementor-widget-container\">\n\t\t\t\t\t<h1 class=\"elementor-heading-title elementor-size-large\">KONTAKT<\/h1>\t\t\t\t<\/div>\n\t\t\t\t<\/div>\n\t\t\t\t\t<\/div>\n\t\t<\/div>\n\t\t\t\t\t<\/div>\n\t\t<\/section>\n\t\t\t\t<section class=\"elementor-section elementor-top-section elementor-element elementor-element-52dd26a9 elementor-section-full_width elementor-section-height-default elementor-section-height-default\" data-id=\"52dd26a9\" data-element_type=\"section\" data-e-type=\"section\" data-settings=\"{&quot;background_background&quot;:&quot;classic&quot;}\">\n\t\t\t\t\t\t<div class=\"elementor-container elementor-column-gap-default\">\n\t\t\t\t\t<div class=\"elementor-column elementor-col-100 elementor-top-column elementor-element elementor-element-7b7baa16\" data-id=\"7b7baa16\" data-element_type=\"column\" data-e-type=\"column\">\n\t\t\t<div class=\"elementor-widget-wrap elementor-element-populated\">\n\t\t\t\t\t\t<div class=\"elementor-element elementor-element-70887c44 elementor-widget elementor-widget-heading\" data-id=\"70887c44\" data-element_type=\"widget\" data-e-type=\"widget\" data-widget_type=\"heading.default\">\n\t\t\t\t<div class=\"elementor-widget-container\">\n\t\t\t\t\t<h2 class=\"elementor-heading-title elementor-size-large\">Zajedno do novih uspjeha!<\/h2>\t\t\t\t<\/div>\n\t\t\t\t<\/div>\n\t\t\t\t<div class=\"elementor-element elementor-element-1c8a60d4 elementor-widget elementor-widget-heading\" data-id=\"1c8a60d4\" data-element_type=\"widget\" data-e-type=\"widget\" data-widget_type=\"heading.default\">\n\t\t\t\t<div class=\"elementor-widget-container\">\n\t\t\t\t\t<p class=\"elementor-heading-title elementor-size-large\">Kontaktirajte nas za sve potrebe softvera za automatizaciju elektroni\u010dkog dizajna. Bilo da imate pitanja, trebate podr\u0161ku ili \u017eelite istra\u017eiti na\u0161e ponude, tu smo da vam pomognemo. Zatra\u017eite dodatne informacije i podignite svoje projekte na vi\u0161u razinu.<\/p>\t\t\t\t<\/div>\n\t\t\t\t<\/div>\n\t\t\t\t<div class=\"elementor-element elementor-element-6d7c7cb8 elementor-widget elementor-widget-text-editor\" data-id=\"6d7c7cb8\" data-element_type=\"widget\" data-e-type=\"widget\" data-widget_type=\"text-editor.default\">\n\t\t\t\t<div class=\"elementor-widget-container\">\n\t\t\t\t\t\t\t\t\t<p><div class=\"forminator-ui forminator-custom-form forminator-custom-form-2530 forminator-design--material  forminator_ajax\" data-forminator-render=\"1\" data-form=\"forminator-module-2530\" data-uid=\"69e73b542bc0e\"><br\/><\/div><form\n\t\t\t\tid=\"forminator-module-2530\"\n\t\t\t\tclass=\"forminator-ui forminator-custom-form forminator-custom-form-2530 forminator-design--material  forminator_ajax\"\n\t\t\t\tmethod=\"post\"\n\t\t\t\tdata-forminator-render=\"1\"\n\t\t\t\tdata-form-id=\"2530\"\n\t\t\t\t data-color-option=\"default\" data-design=\"material\" data-grid=\"open\" style=\"display: none;\"\n\t\t\t\tdata-uid=\"69e73b542bc0e\" action=\"\"\n\t\t\t><div role=\"alert\" aria-live=\"polite\" class=\"forminator-response-message forminator-error\" aria-hidden=\"true\"><\/div><div class=\"forminator-row\"><div id=\"name-1\" class=\"forminator-field-name forminator-col forminator-col-12\"><div class=\"forminator-field\"><label for=\"forminator-field-name-1_69e73b542bc0e\" id=\"forminator-field-name-1_69e73b542bc0e-label\" class=\"forminator-label\">Va\u0161e ime <span class=\"forminator-required\">*<\/span><\/label><input type=\"text\" name=\"name-1\" value=\"\" placeholder=\"\" id=\"forminator-field-name-1_69e73b542bc0e\" class=\"forminator-input forminator-name--field\" aria-required=\"true\" autocomplete=\"name\" \/><\/div><\/div><\/div><div class=\"forminator-row\"><div id=\"email-1\" class=\"forminator-field-email forminator-col forminator-col-12\"><div class=\"forminator-field\"><label for=\"forminator-field-email-1_69e73b542bc0e\" id=\"forminator-field-email-1_69e73b542bc0e-label\" class=\"forminator-label\">Va\u0161 email <span class=\"forminator-required\">*<\/span><\/label><input type=\"email\" name=\"email-1\" value=\"\" placeholder=\"\" id=\"forminator-field-email-1_69e73b542bc0e\" class=\"forminator-input forminator-email--field\" data-required=\"1\" aria-required=\"true\" autocomplete=\"email\" \/><\/div><\/div><\/div><div class=\"forminator-row\"><div id=\"text-1\" class=\"forminator-field-text forminator-col forminator-col-12\"><div class=\"forminator-field\"><label for=\"forminator-field-text-1_69e73b542bc0e\" id=\"forminator-field-text-1_69e73b542bc0e-label\" class=\"forminator-label\">Naziv tvrtke<\/label><input type=\"text\" name=\"text-1\" value=\"\" placeholder=\"\" id=\"forminator-field-text-1_69e73b542bc0e\" class=\"forminator-input forminator-name--field\" data-required=\"\" \/><\/div><\/div><\/div><div class=\"forminator-row\"><div id=\"textarea-1\" class=\"forminator-field-textarea forminator-col forminator-col-12\"><div class=\"forminator-field\"><label for=\"forminator-field-textarea-1_69e73b542bc0e\" id=\"forminator-field-textarea-1_69e73b542bc0e-label\" class=\"forminator-label\">Poruka\/upit <span class=\"forminator-required\">*<\/span><\/label><textarea name=\"textarea-1\" placeholder=\"\" id=\"forminator-field-textarea-1_69e73b542bc0e\" class=\"forminator-textarea\" rows=\"6\" style=\"--forminator-textarea-min-height:140px;\" ><\/textarea><span id=\"forminator-field-textarea-1_69e73b542bc0e-description\" class=\"forminator-description\"><span data-limit=\"180\" data-type=\"words\" data-editor=\"\">0 \/ 180<\/span><\/span><\/div><\/div><\/div><div class=\"forminator-row\"><div id=\"captcha-1\" class=\"forminator-field-captcha forminator-col forminator-col-12\"><div class=\"forminator-captcha-left forminator-g-recaptcha recaptcha-invisible\" data-theme=\"light\" data-badge=\"inline\" data-sitekey=\"6LcOU_0mAAAAADRKigAkOeIeEqSs9Ztr9mq4n2r5\" data-size=\"invisible\"><\/div> <\/div><\/div><input type=\"hidden\" name=\"referer_url\" value=\"\" \/><div class=\"forminator-row forminator-row-last\"><div class=\"forminator-col\"><div class=\"forminator-field\"><button class=\"forminator-button forminator-button-submit\"><span>PO\u0160ALJI<\/span><span aria-hidden=\"true\"><\/span><\/button><\/div><\/div><\/div><input type=\"hidden\" id=\"forminator_nonce\" name=\"forminator_nonce\" value=\"19dfb93b12\" \/><input type=\"hidden\" name=\"_wp_http_referer\" value=\"\/hr\/wp-json\/wp\/v2\/pages\/5321\" \/><input type=\"hidden\" name=\"form_id\" value=\"2530\"><input type=\"hidden\" name=\"page_id\" value=\"5321\"><input type=\"hidden\" name=\"form_type\" value=\"default\"><input type=\"hidden\" name=\"current_url\" value=\"https:\/\/www.edmd-solutions.com\/hr\/contact\/\"><input type=\"hidden\" name=\"render_id\" value=\"1\"><input type=\"hidden\" name=\"action\" value=\"forminator_submit_form_custom-forms\"><label for=\"input_5\" class=\"forminator-hidden\" aria-hidden=\"true\">Please do not fill in this field. <input id=\"input_5\" type=\"text\" name=\"input_5\" value=\"\" autocomplete=\"off\"><\/label><label for=\"input_5\" class=\"forminator-hidden\" aria-hidden=\"true\">Please do not fill in this field. <input id=\"input_5\" type=\"text\" name=\"input_5\" value=\"\" autocomplete=\"off\"><\/label><input type=\"hidden\" name=\"trp-form-language\" value=\"hr\"\/><\/form><\/p>\t\t\t\t\t\t\t\t<\/div>\n\t\t\t\t<\/div>\n\t\t\t\t\t<\/div>\n\t\t<\/div>\n\t\t\t\t\t<\/div>\n\t\t<\/section>\n\t\t\t\t<\/div>","protected":false},"excerpt":{"rendered":"<p>CONTACT Let&#8217;s build success together! Get in touch with EDMD Solutions for all your Electronic Design Automation software needs. Whether you have questions, need support, or want to explore our software offerings, we are here to help. Contact us today and take your design projects to the next level.<\/p>","protected":false},"author":4,"featured_media":0,"parent":0,"menu_order":0,"comment_status":"closed","ping_status":"closed","template":"elementor_canvas","meta":{"_monsterinsights_skip_tracking":false,"_monsterinsights_sitenote_active":false,"_monsterinsights_sitenote_note":"","_monsterinsights_sitenote_category":0,"footnotes":""},"class_list":["post-5321","page","type-page","status-publish","hentry"],"yoast_head":"<!-- This site is optimized with the Yoast SEO plugin v27.4 - https:\/\/yoast.com\/product\/yoast-seo-wordpress\/ -->\n<title>Contact | EDMD Solutions<\/title>\n<meta name=\"robots\" content=\"index, follow, max-snippet:-1, max-image-preview:large, max-video-preview:-1\" \/>\n<link rel=\"canonical\" href=\"https:\/\/www.edmd-solutions.com\/hr\/contact\/\" \/>\n<meta property=\"og:locale\" content=\"hr_HR\" \/>\n<meta property=\"og:type\" content=\"article\" \/>\n<meta property=\"og:title\" content=\"Contact | EDMD Solutions\" \/>\n<meta property=\"og:description\" content=\"CONTACT Let&#8217;s build success together! Get in touch with EDMD Solutions for all your Electronic Design Automation software needs. Whether you have questions, need support, or want to explore our software offerings, we are here to help. Contact us today and take your design projects to the next level.\" \/>\n<meta property=\"og:url\" content=\"https:\/\/www.edmd-solutions.com\/hr\/contact\/\" \/>\n<meta property=\"og:site_name\" content=\"EDMD Solutions\" \/>\n<meta property=\"article:modified_time\" content=\"2023-07-19T13:57:55+00:00\" \/>\n<meta property=\"og:image\" content=\"https:\/\/www.edmd-solutions.com\/wp-content\/uploads\/2023\/04\/edmd-solutions-site-icon.png\" \/>\n\t<meta property=\"og:image:width\" content=\"500\" \/>\n\t<meta property=\"og:image:height\" content=\"500\" \/>\n\t<meta property=\"og:image:type\" content=\"image\/png\" \/>\n<meta name=\"twitter:card\" content=\"summary_large_image\" \/>\n<script type=\"application\/ld+json\" class=\"yoast-schema-graph\">{\"@context\":\"https:\\\/\\\/schema.org\",\"@graph\":[{\"@type\":\"WebPage\",\"@id\":\"https:\\\/\\\/www.edmd-solutions.com\\\/contact\\\/\",\"url\":\"https:\\\/\\\/www.edmd-solutions.com\\\/contact\\\/\",\"name\":\"Contact | EDMD Solutions\",\"isPartOf\":{\"@id\":\"https:\\\/\\\/www.edmd-solutions.com\\\/#website\"},\"datePublished\":\"2023-07-19T13:57:05+00:00\",\"dateModified\":\"2023-07-19T13:57:55+00:00\",\"breadcrumb\":{\"@id\":\"https:\\\/\\\/www.edmd-solutions.com\\\/contact\\\/#breadcrumb\"},\"inLanguage\":\"hr\",\"potentialAction\":[{\"@type\":\"ReadAction\",\"target\":[\"https:\\\/\\\/www.edmd-solutions.com\\\/contact\\\/\"]}]},{\"@type\":\"BreadcrumbList\",\"@id\":\"https:\\\/\\\/www.edmd-solutions.com\\\/contact\\\/#breadcrumb\",\"itemListElement\":[{\"@type\":\"ListItem\",\"position\":1,\"name\":\"Home\",\"item\":\"https:\\\/\\\/www.edmd-solutions.com\\\/\"},{\"@type\":\"ListItem\",\"position\":2,\"name\":\"Contact\"}]},{\"@type\":\"WebSite\",\"@id\":\"https:\\\/\\\/www.edmd-solutions.com\\\/#website\",\"url\":\"https:\\\/\\\/www.edmd-solutions.com\\\/\",\"name\":\"EDMD Solutions\",\"description\":\"Electronic design automation tools\",\"publisher\":{\"@id\":\"https:\\\/\\\/www.edmd-solutions.com\\\/#organization\"},\"potentialAction\":[{\"@type\":\"SearchAction\",\"target\":{\"@type\":\"EntryPoint\",\"urlTemplate\":\"https:\\\/\\\/www.edmd-solutions.com\\\/?s={search_term_string}\"},\"query-input\":{\"@type\":\"PropertyValueSpecification\",\"valueRequired\":true,\"valueName\":\"search_term_string\"}}],\"inLanguage\":\"hr\"},{\"@type\":\"Organization\",\"@id\":\"https:\\\/\\\/www.edmd-solutions.com\\\/#organization\",\"name\":\"EDMD Solutions\",\"url\":\"https:\\\/\\\/www.edmd-solutions.com\\\/\",\"logo\":{\"@type\":\"ImageObject\",\"inLanguage\":\"hr\",\"@id\":\"https:\\\/\\\/www.edmd-solutions.com\\\/#\\\/schema\\\/logo\\\/image\\\/\",\"url\":\"https:\\\/\\\/www.edmd-solutions.com\\\/wp-content\\\/uploads\\\/2023\\\/04\\\/edmd-solutions-site-icon.png\",\"contentUrl\":\"https:\\\/\\\/www.edmd-solutions.com\\\/wp-content\\\/uploads\\\/2023\\\/04\\\/edmd-solutions-site-icon.png\",\"width\":500,\"height\":500,\"caption\":\"EDMD Solutions\"},\"image\":{\"@id\":\"https:\\\/\\\/www.edmd-solutions.com\\\/#\\\/schema\\\/logo\\\/image\\\/\"},\"sameAs\":[\"https:\\\/\\\/hr.linkedin.com\\\/company\\\/edmd-solutions\"]}]}<\/script>\n<!-- \/ Yoast SEO plugin. -->","yoast_head_json":{"title":"Contact | EDMD Solutions","robots":{"index":"index","follow":"follow","max-snippet":"max-snippet:-1","max-image-preview":"max-image-preview:large","max-video-preview":"max-video-preview:-1"},"canonical":"https:\/\/www.edmd-solutions.com\/hr\/contact\/","og_locale":"hr_HR","og_type":"article","og_title":"Contact | EDMD Solutions","og_description":"CONTACT Let&#8217;s build success together! Get in touch with EDMD Solutions for all your Electronic Design Automation software needs. Whether you have questions, need support, or want to explore our software offerings, we are here to help. Contact us today and take your design projects to the next level.","og_url":"https:\/\/www.edmd-solutions.com\/hr\/contact\/","og_site_name":"EDMD Solutions","article_modified_time":"2023-07-19T13:57:55+00:00","og_image":[{"width":500,"height":500,"url":"https:\/\/www.edmd-solutions.com\/wp-content\/uploads\/2023\/04\/edmd-solutions-site-icon.png","type":"image\/png"}],"twitter_card":"summary_large_image","schema":{"@context":"https:\/\/schema.org","@graph":[{"@type":"WebPage","@id":"https:\/\/www.edmd-solutions.com\/contact\/","url":"https:\/\/www.edmd-solutions.com\/contact\/","name":"Contact | EDMD Solutions","isPartOf":{"@id":"https:\/\/www.edmd-solutions.com\/#website"},"datePublished":"2023-07-19T13:57:05+00:00","dateModified":"2023-07-19T13:57:55+00:00","breadcrumb":{"@id":"https:\/\/www.edmd-solutions.com\/contact\/#breadcrumb"},"inLanguage":"hr","potentialAction":[{"@type":"ReadAction","target":["https:\/\/www.edmd-solutions.com\/contact\/"]}]},{"@type":"BreadcrumbList","@id":"https:\/\/www.edmd-solutions.com\/contact\/#breadcrumb","itemListElement":[{"@type":"ListItem","position":1,"name":"Home","item":"https:\/\/www.edmd-solutions.com\/"},{"@type":"ListItem","position":2,"name":"Contact"}]},{"@type":"WebSite","@id":"https:\/\/www.edmd-solutions.com\/#website","url":"https:\/\/www.edmd-solutions.com\/","name":"EDMD Solutions","description":"Electronic design automation tools","publisher":{"@id":"https:\/\/www.edmd-solutions.com\/#organization"},"potentialAction":[{"@type":"SearchAction","target":{"@type":"EntryPoint","urlTemplate":"https:\/\/www.edmd-solutions.com\/?s={search_term_string}"},"query-input":{"@type":"PropertyValueSpecification","valueRequired":true,"valueName":"search_term_string"}}],"inLanguage":"hr"},{"@type":"Organization","@id":"https:\/\/www.edmd-solutions.com\/#organization","name":"EDMD Solutions","url":"https:\/\/www.edmd-solutions.com\/","logo":{"@type":"ImageObject","inLanguage":"hr","@id":"https:\/\/www.edmd-solutions.com\/#\/schema\/logo\/image\/","url":"https:\/\/www.edmd-solutions.com\/wp-content\/uploads\/2023\/04\/edmd-solutions-site-icon.png","contentUrl":"https:\/\/www.edmd-solutions.com\/wp-content\/uploads\/2023\/04\/edmd-solutions-site-icon.png","width":500,"height":500,"caption":"EDMD Solutions"},"image":{"@id":"https:\/\/www.edmd-solutions.com\/#\/schema\/logo\/image\/"},"sameAs":["https:\/\/hr.linkedin.com\/company\/edmd-solutions"]}]}},"_links":{"self":[{"href":"https:\/\/www.edmd-solutions.com\/hr\/wp-json\/wp\/v2\/pages\/5321","targetHints":{"allow":["GET"]}}],"collection":[{"href":"https:\/\/www.edmd-solutions.com\/hr\/wp-json\/wp\/v2\/pages"}],"about":[{"href":"https:\/\/www.edmd-solutions.com\/hr\/wp-json\/wp\/v2\/types\/page"}],"author":[{"embeddable":true,"href":"https:\/\/www.edmd-solutions.com\/hr\/wp-json\/wp\/v2\/users\/4"}],"replies":[{"embeddable":true,"href":"https:\/\/www.edmd-solutions.com\/hr\/wp-json\/wp\/v2\/comments?post=5321"}],"version-history":[{"count":5,"href":"https:\/\/www.edmd-solutions.com\/hr\/wp-json\/wp\/v2\/pages\/5321\/revisions"}],"predecessor-version":[{"id":5326,"href":"https:\/\/www.edmd-solutions.com\/hr\/wp-json\/wp\/v2\/pages\/5321\/revisions\/5326"}],"wp:attachment":[{"href":"https:\/\/www.edmd-solutions.com\/hr\/wp-json\/wp\/v2\/media?parent=5321"}],"curies":[{"name":"wp","href":"https:\/\/api.w.org\/{rel}","templated":true}]}}