{"id":3178,"date":"2023-04-14T09:27:21","date_gmt":"2023-04-14T09:27:21","guid":{"rendered":"https:\/\/www.edmd-solutions.com\/?page_id=3178"},"modified":"2023-07-25T13:21:03","modified_gmt":"2023-07-25T13:21:03","slug":"about-us","status":"publish","type":"page","link":"https:\/\/www.edmd-solutions.com\/hr\/about-us\/","title":{"rendered":"O nama"},"content":{"rendered":"<div data-elementor-type=\"wp-page\" data-elementor-id=\"3178\" class=\"elementor elementor-3178\">\n\t\t\t\t\t\t<section class=\"elementor-section elementor-top-section elementor-element elementor-element-bdb5972 elementor-section-full_width elementor-section-height-default elementor-section-height-default\" data-id=\"bdb5972\" data-element_type=\"section\" data-e-type=\"section\" data-settings=\"{&quot;background_background&quot;:&quot;classic&quot;}\">\n\t\t\t\t\t\t\t<div class=\"elementor-background-overlay\"><\/div>\n\t\t\t\t\t\t\t<div class=\"elementor-container elementor-column-gap-default\">\n\t\t\t\t\t<div class=\"elementor-column elementor-col-100 elementor-top-column elementor-element elementor-element-5f3cd3d\" data-id=\"5f3cd3d\" data-element_type=\"column\" data-e-type=\"column\">\n\t\t\t<div class=\"elementor-widget-wrap elementor-element-populated\">\n\t\t\t\t\t\t<div class=\"elementor-element elementor-element-11ca51e elementor-widget elementor-widget-heading\" data-id=\"11ca51e\" data-element_type=\"widget\" data-e-type=\"widget\" data-widget_type=\"heading.default\">\n\t\t\t\t<div class=\"elementor-widget-container\">\n\t\t\t\t\t<h1 class=\"elementor-heading-title elementor-size-large\">O NAMA<\/h1>\t\t\t\t<\/div>\n\t\t\t\t<\/div>\n\t\t\t\t\t<\/div>\n\t\t<\/div>\n\t\t\t\t\t<\/div>\n\t\t<\/section>\n\t\t\t\t<section class=\"elementor-section elementor-top-section elementor-element elementor-element-798c5a5 elementor-section-full_width elementor-section-height-default elementor-section-height-default\" data-id=\"798c5a5\" data-element_type=\"section\" data-e-type=\"section\" data-settings=\"{&quot;background_background&quot;:&quot;classic&quot;}\">\n\t\t\t\t\t\t<div class=\"elementor-container elementor-column-gap-default\">\n\t\t\t\t\t<div class=\"elementor-column elementor-col-100 elementor-top-column elementor-element elementor-element-4d440dc\" data-id=\"4d440dc\" data-element_type=\"column\" data-e-type=\"column\">\n\t\t\t<div class=\"elementor-widget-wrap elementor-element-populated\">\n\t\t\t\t\t\t<div class=\"elementor-element elementor-element-8ec7de5 elementor-widget elementor-widget-heading\" data-id=\"8ec7de5\" data-element_type=\"widget\" data-e-type=\"widget\" data-widget_type=\"heading.default\">\n\t\t\t\t<div class=\"elementor-widget-container\">\n\t\t\t\t\t<p class=\"elementor-heading-title elementor-size-large\">EDMD Solutions je tvrtka specijalizirana za pru\u017eanje rje\u0161enja u automatizaciji elektroni\u010dkog dizajna \u2013 savjetovanja, softvera i usluga.<\/p>\t\t\t\t<\/div>\n\t\t\t\t<\/div>\n\t\t\t\t<div class=\"elementor-element elementor-element-bc3ed91 elementor-widget elementor-widget-heading\" data-id=\"bc3ed91\" data-element_type=\"widget\" data-e-type=\"widget\" data-widget_type=\"heading.default\">\n\t\t\t\t<div class=\"elementor-widget-container\">\n\t\t\t\t\t<p class=\"elementor-heading-title elementor-size-large\">Kao slu\u017ebeni Mentor\/Siemens partner, podr\u017eavamo na\u0161e klijente end-to-end rje\u0161enjima za dizajn integriranih sklopova, printanih plo\u010dica, elektroni\u010dke simulacije, toplinske simulacije i proizvodnju. Najzastupljeniji smo na podru\u010dju Hrvatske, Slovenije, Srbije i Ma\u0111arske, a uslugama i proizvodima tako\u0111er mo\u017eemo pomo\u0107i korisniciima i u Italiji, Bugarskoj i Makedoniji.<\/p>\t\t\t\t<\/div>\n\t\t\t\t<\/div>\n\t\t\t\t\t<\/div>\n\t\t<\/div>\n\t\t\t\t\t<\/div>\n\t\t<\/section>\n\t\t\t\t<section class=\"elementor-section elementor-top-section elementor-element elementor-element-b381be9 elementor-section-full_width elementor-section-height-default elementor-section-height-default\" data-id=\"b381be9\" data-element_type=\"section\" data-e-type=\"section\" data-settings=\"{&quot;background_background&quot;:&quot;classic&quot;}\">\n\t\t\t\t\t\t<div class=\"elementor-container elementor-column-gap-default\">\n\t\t\t\t\t<div class=\"elementor-column elementor-col-50 elementor-top-column elementor-element elementor-element-1a3c923\" data-id=\"1a3c923\" data-element_type=\"column\" data-e-type=\"column\" data-settings=\"{&quot;background_background&quot;:&quot;classic&quot;}\">\n\t\t\t<div class=\"elementor-widget-wrap elementor-element-populated\">\n\t\t\t\t\t\t<section class=\"elementor-section elementor-inner-section elementor-element elementor-element-f5caa4b elementor-section-height-min-height elementor-section-boxed elementor-section-height-default\" data-id=\"f5caa4b\" data-element_type=\"section\" data-e-type=\"section\" data-settings=\"{&quot;background_background&quot;:&quot;classic&quot;}\">\n\t\t\t\t\t\t<div class=\"elementor-container elementor-column-gap-default\">\n\t\t\t\t\t<div class=\"elementor-column elementor-col-100 elementor-inner-column elementor-element elementor-element-e2edb81\" data-id=\"e2edb81\" data-element_type=\"column\" data-e-type=\"column\">\n\t\t\t<div class=\"elementor-widget-wrap elementor-element-populated\">\n\t\t\t\t\t\t<div class=\"elementor-element elementor-element-e25547e elementor-widget elementor-widget-heading\" data-id=\"e25547e\" data-element_type=\"widget\" data-e-type=\"widget\" data-widget_type=\"heading.default\">\n\t\t\t\t<div class=\"elementor-widget-container\">\n\t\t\t\t\t<p class=\"elementor-heading-title elementor-size-large\">Na\u0161a vizija<\/p>\t\t\t\t<\/div>\n\t\t\t\t<\/div>\n\t\t\t\t<div class=\"elementor-element elementor-element-5f625be elementor-widget elementor-widget-heading\" data-id=\"5f625be\" data-element_type=\"widget\" data-e-type=\"widget\" data-widget_type=\"heading.default\">\n\t\t\t\t<div class=\"elementor-widget-container\">\n\t\t\t\t\t<p class=\"elementor-heading-title elementor-size-large\">Na\u0161a je vizija biti najbolji pru\u017eatelj rje\u0161enja u podru\u010dju automatizacije elektroni\u010dkog dizajna.<\/p>\t\t\t\t<\/div>\n\t\t\t\t<\/div>\n\t\t\t\t<div class=\"elementor-element elementor-element-be849ae elementor-widget elementor-widget-button\" data-id=\"be849ae\" data-element_type=\"widget\" data-e-type=\"widget\" data-widget_type=\"button.default\">\n\t\t\t\t<div class=\"elementor-widget-container\">\n\t\t\t\t\t\t\t\t\t<div class=\"elementor-button-wrapper\">\n\t\t\t\t\t<a class=\"elementor-button elementor-button-link elementor-size-sm\" href=\"https:\/\/www.edmd-solutions.com\/hr\/support\/\">\n\t\t\t\t\t\t<span class=\"elementor-button-content-wrapper\">\n\t\t\t\t\t\t\t\t\t<span class=\"elementor-button-text\">ZATRA\u017dITE POMO\u0106<\/span>\n\t\t\t\t\t<\/span>\n\t\t\t\t\t<\/a>\n\t\t\t\t<\/div>\n\t\t\t\t\t\t\t\t<\/div>\n\t\t\t\t<\/div>\n\t\t\t\t\t<\/div>\n\t\t<\/div>\n\t\t\t\t\t<\/div>\n\t\t<\/section>\n\t\t\t\t\t<\/div>\n\t\t<\/div>\n\t\t\t\t<div class=\"elementor-column elementor-col-50 elementor-top-column elementor-element elementor-element-eb7547c\" data-id=\"eb7547c\" data-element_type=\"column\" data-e-type=\"column\" data-settings=\"{&quot;background_background&quot;:&quot;classic&quot;}\">\n\t\t\t<div class=\"elementor-widget-wrap elementor-element-populated\">\n\t\t\t\t\t\t<section class=\"elementor-section elementor-inner-section elementor-element elementor-element-6cbf80d elementor-section-full_width elementor-section-height-min-height elementor-section-height-default\" data-id=\"6cbf80d\" data-element_type=\"section\" data-e-type=\"section\" data-settings=\"{&quot;background_background&quot;:&quot;classic&quot;}\">\n\t\t\t\t\t\t<div class=\"elementor-container elementor-column-gap-default\">\n\t\t\t\t\t<div class=\"elementor-column elementor-col-100 elementor-inner-column elementor-element elementor-element-5d644fb\" data-id=\"5d644fb\" data-element_type=\"column\" data-e-type=\"column\">\n\t\t\t<div class=\"elementor-widget-wrap elementor-element-populated\">\n\t\t\t\t\t\t<div class=\"elementor-element elementor-element-00f4ec6 elementor-widget elementor-widget-spacer\" data-id=\"00f4ec6\" data-element_type=\"widget\" data-e-type=\"widget\" data-widget_type=\"spacer.default\">\n\t\t\t\t<div class=\"elementor-widget-container\">\n\t\t\t\t\t\t\t<div class=\"elementor-spacer\">\n\t\t\t<div class=\"elementor-spacer-inner\"><\/div>\n\t\t<\/div>\n\t\t\t\t\t\t<\/div>\n\t\t\t\t<\/div>\n\t\t\t\t\t<\/div>\n\t\t<\/div>\n\t\t\t\t\t<\/div>\n\t\t<\/section>\n\t\t\t\t\t<\/div>\n\t\t<\/div>\n\t\t\t\t\t<\/div>\n\t\t<\/section>\n\t\t\t\t<section class=\"elementor-section elementor-top-section elementor-element elementor-element-418d563 elementor-section-full_width elementor-reverse-mobile elementor-section-height-default elementor-section-height-default\" data-id=\"418d563\" data-element_type=\"section\" data-e-type=\"section\" data-settings=\"{&quot;background_background&quot;:&quot;classic&quot;}\">\n\t\t\t\t\t\t<div class=\"elementor-container elementor-column-gap-default\">\n\t\t\t\t\t<div class=\"elementor-column elementor-col-50 elementor-top-column elementor-element elementor-element-9e1e67e\" data-id=\"9e1e67e\" data-element_type=\"column\" data-e-type=\"column\" data-settings=\"{&quot;background_background&quot;:&quot;classic&quot;}\">\n\t\t\t<div class=\"elementor-widget-wrap elementor-element-populated\">\n\t\t\t\t\t\t<section class=\"elementor-section elementor-inner-section elementor-element elementor-element-e7416c7 elementor-section-full_width elementor-section-height-min-height elementor-section-height-default\" data-id=\"e7416c7\" data-element_type=\"section\" data-e-type=\"section\" data-settings=\"{&quot;background_background&quot;:&quot;classic&quot;}\">\n\t\t\t\t\t\t<div class=\"elementor-container elementor-column-gap-default\">\n\t\t\t\t\t<div class=\"elementor-column elementor-col-100 elementor-inner-column elementor-element elementor-element-83e16df\" data-id=\"83e16df\" data-element_type=\"column\" data-e-type=\"column\">\n\t\t\t<div class=\"elementor-widget-wrap elementor-element-populated\">\n\t\t\t\t\t\t<div class=\"elementor-element elementor-element-9bf7cbf elementor-widget elementor-widget-spacer\" data-id=\"9bf7cbf\" data-element_type=\"widget\" data-e-type=\"widget\" data-widget_type=\"spacer.default\">\n\t\t\t\t<div class=\"elementor-widget-container\">\n\t\t\t\t\t\t\t<div class=\"elementor-spacer\">\n\t\t\t<div class=\"elementor-spacer-inner\"><\/div>\n\t\t<\/div>\n\t\t\t\t\t\t<\/div>\n\t\t\t\t<\/div>\n\t\t\t\t\t<\/div>\n\t\t<\/div>\n\t\t\t\t\t<\/div>\n\t\t<\/section>\n\t\t\t\t\t<\/div>\n\t\t<\/div>\n\t\t\t\t<div class=\"elementor-column elementor-col-50 elementor-top-column elementor-element elementor-element-012f383\" data-id=\"012f383\" data-element_type=\"column\" data-e-type=\"column\" data-settings=\"{&quot;background_background&quot;:&quot;classic&quot;}\">\n\t\t\t<div class=\"elementor-widget-wrap elementor-element-populated\">\n\t\t\t\t\t\t<section class=\"elementor-section elementor-inner-section elementor-element elementor-element-5fdddb8 elementor-section-height-min-height elementor-section-boxed elementor-section-height-default\" data-id=\"5fdddb8\" data-element_type=\"section\" data-e-type=\"section\" data-settings=\"{&quot;background_background&quot;:&quot;classic&quot;}\">\n\t\t\t\t\t\t<div class=\"elementor-container elementor-column-gap-default\">\n\t\t\t\t\t<div class=\"elementor-column elementor-col-100 elementor-inner-column elementor-element elementor-element-cf5d752\" data-id=\"cf5d752\" data-element_type=\"column\" data-e-type=\"column\">\n\t\t\t<div class=\"elementor-widget-wrap elementor-element-populated\">\n\t\t\t\t\t\t<div class=\"elementor-element elementor-element-9e46621 elementor-widget elementor-widget-heading\" data-id=\"9e46621\" data-element_type=\"widget\" data-e-type=\"widget\" data-widget_type=\"heading.default\">\n\t\t\t\t<div class=\"elementor-widget-container\">\n\t\t\t\t\t<p class=\"elementor-heading-title elementor-size-large\">Na\u0161a misija<\/p>\t\t\t\t<\/div>\n\t\t\t\t<\/div>\n\t\t\t\t<div class=\"elementor-element elementor-element-b84d6bd elementor-widget elementor-widget-heading\" data-id=\"b84d6bd\" data-element_type=\"widget\" data-e-type=\"widget\" data-widget_type=\"heading.default\">\n\t\t\t\t<div class=\"elementor-widget-container\">\n\t\t\t\t\t<p class=\"elementor-heading-title elementor-size-large\">Na\u0161a je misija pru\u017eiti inovativna rje\u0161enja na\u0161im klijentima kako bismo osigurali da ispune svoje potrebe br\u017ee, bolje i na isplativiji na\u010din.<\/p>\t\t\t\t<\/div>\n\t\t\t\t<\/div>\n\t\t\t\t<div class=\"elementor-element elementor-element-51fe780 elementor-mobile-align-left elementor-widget elementor-widget-button\" data-id=\"51fe780\" data-element_type=\"widget\" data-e-type=\"widget\" data-widget_type=\"button.default\">\n\t\t\t\t<div class=\"elementor-widget-container\">\n\t\t\t\t\t\t\t\t\t<div class=\"elementor-button-wrapper\">\n\t\t\t\t\t<a class=\"elementor-button elementor-button-link elementor-size-sm\" href=\"https:\/\/www.edmd-solutions.com\/hr\/learning-center\/\">\n\t\t\t\t\t\t<span class=\"elementor-button-content-wrapper\">\n\t\t\t\t\t\t\t\t\t<span class=\"elementor-button-text\">POSJETITE NA\u0160 CENTAR ZNANJA<\/span>\n\t\t\t\t\t<\/span>\n\t\t\t\t\t<\/a>\n\t\t\t\t<\/div>\n\t\t\t\t\t\t\t\t<\/div>\n\t\t\t\t<\/div>\n\t\t\t\t\t<\/div>\n\t\t<\/div>\n\t\t\t\t\t<\/div>\n\t\t<\/section>\n\t\t\t\t\t<\/div>\n\t\t<\/div>\n\t\t\t\t\t<\/div>\n\t\t<\/section>\n\t\t\t\t<section class=\"elementor-section elementor-top-section elementor-element elementor-element-f6e2b44 elementor-section-full_width elementor-section-height-default elementor-section-height-default\" data-id=\"f6e2b44\" data-element_type=\"section\" data-e-type=\"section\" data-settings=\"{&quot;background_background&quot;:&quot;classic&quot;}\">\n\t\t\t\t\t\t<div class=\"elementor-container elementor-column-gap-default\">\n\t\t\t\t\t<div class=\"elementor-column elementor-col-50 elementor-top-column elementor-element elementor-element-f5bb1dc\" data-id=\"f5bb1dc\" data-element_type=\"column\" data-e-type=\"column\">\n\t\t\t<div class=\"elementor-widget-wrap elementor-element-populated\">\n\t\t\t\t\t\t<div class=\"elementor-element elementor-element-ba0d42f elementor-widget elementor-widget-heading\" data-id=\"ba0d42f\" data-element_type=\"widget\" data-e-type=\"widget\" data-widget_type=\"heading.default\">\n\t\t\t\t<div class=\"elementor-widget-container\">\n\t\t\t\t\t<h2 class=\"elementor-heading-title elementor-size-large\">Partnerstvo sa Siemensom<\/h2>\t\t\t\t<\/div>\n\t\t\t\t<\/div>\n\t\t\t\t<div class=\"elementor-element elementor-element-82fa5bf elementor-widget elementor-widget-heading\" data-id=\"82fa5bf\" data-element_type=\"widget\" data-e-type=\"widget\" data-widget_type=\"heading.default\">\n\t\t\t\t<div class=\"elementor-widget-container\">\n\t\t\t\t\t<p class=\"elementor-heading-title elementor-size-large\">Na\u0161e partnerstvo s Mentor\/Siemensom omogu\u0107uje nam da budemo glavni igra\u010d na elektroni\u010dkom tr\u017ei\u0161tu kada su u pitanju najbolja softverska rje\u0161enja.<\/p>\t\t\t\t<\/div>\n\t\t\t\t<\/div>\n\t\t\t\t\t<\/div>\n\t\t<\/div>\n\t\t\t\t<div class=\"elementor-column elementor-col-50 elementor-top-column elementor-element elementor-element-535ee7f\" data-id=\"535ee7f\" data-element_type=\"column\" data-e-type=\"column\">\n\t\t\t<div class=\"elementor-widget-wrap elementor-element-populated\">\n\t\t\t\t\t\t<div class=\"elementor-element elementor-element-8832cfb elementor-widget elementor-widget-image\" data-id=\"8832cfb\" data-element_type=\"widget\" data-e-type=\"widget\" data-widget_type=\"image.default\">\n\t\t\t\t<div class=\"elementor-widget-container\">\n\t\t\t\t\t\t\t\t\t\t\t\t\t\t\t<img fetchpriority=\"high\" decoding=\"async\" width=\"1200\" height=\"675\" src=\"https:\/\/www.edmd-solutions.com\/wp-content\/uploads\/2023\/04\/SIEMENS-partner-emblem-e1681219059780.png\" class=\"attachment-full size-full wp-image-2608\" alt=\"\" srcset=\"https:\/\/www.edmd-solutions.com\/wp-content\/uploads\/2023\/04\/SIEMENS-partner-emblem-e1681219059780.png 1200w, https:\/\/www.edmd-solutions.com\/wp-content\/uploads\/2023\/04\/SIEMENS-partner-emblem-e1681219059780-300x169.png 300w, https:\/\/www.edmd-solutions.com\/wp-content\/uploads\/2023\/04\/SIEMENS-partner-emblem-e1681219059780-1024x576.png 1024w, https:\/\/www.edmd-solutions.com\/wp-content\/uploads\/2023\/04\/SIEMENS-partner-emblem-e1681219059780-768x432.png 768w, https:\/\/www.edmd-solutions.com\/wp-content\/uploads\/2023\/04\/SIEMENS-partner-emblem-e1681219059780-200x113.png 200w\" sizes=\"(max-width: 1200px) 100vw, 1200px\" \/>\t\t\t\t\t\t\t\t\t\t\t\t\t\t\t<\/div>\n\t\t\t\t<\/div>\n\t\t\t\t\t<\/div>\n\t\t<\/div>\n\t\t\t\t\t<\/div>\n\t\t<\/section>\n\t\t\t\t<\/div>","protected":false},"excerpt":{"rendered":"<p>ABOUT US EDMD Solutions is company specialized in providing EDA (Electronic Design Automation) solutions \u2013 consultancy, software, and services. As official Mentor, a SIEMENS business distributor we are supporting our customers with end-to-end solutions for IC design, PCB design, Electronic Simulations, Thermal Simulations, and Manufacturing. Our team is responsible for the territories of Italy, Slovenia, [&hellip;]<\/p>\n","protected":false},"author":4,"featured_media":0,"parent":0,"menu_order":0,"comment_status":"closed","ping_status":"closed","template":"elementor_canvas","meta":{"_monsterinsights_skip_tracking":false,"_monsterinsights_sitenote_active":false,"_monsterinsights_sitenote_note":"","_monsterinsights_sitenote_category":0,"footnotes":""},"class_list":["post-3178","page","type-page","status-publish","hentry"],"yoast_head":"<!-- This site is optimized with the Yoast SEO plugin v27.4 - https:\/\/yoast.com\/product\/yoast-seo-wordpress\/ -->\n<title>About us | EDMD Solutions<\/title>\n<meta name=\"robots\" content=\"index, follow, max-snippet:-1, max-image-preview:large, max-video-preview:-1\" \/>\n<link rel=\"canonical\" href=\"https:\/\/www.edmd-solutions.com\/hr\/about-us\/\" \/>\n<meta property=\"og:locale\" content=\"hr_HR\" \/>\n<meta property=\"og:type\" content=\"article\" \/>\n<meta property=\"og:title\" content=\"About us | EDMD Solutions\" \/>\n<meta property=\"og:description\" content=\"ABOUT US EDMD Solutions is company specialized in providing EDA (Electronic Design Automation) solutions \u2013 consultancy, software, and services. As official Mentor, a SIEMENS business distributor we are supporting our customers with end-to-end solutions for IC design, PCB design, Electronic Simulations, Thermal Simulations, and Manufacturing. Our team is responsible for the territories of Italy, Slovenia, [&hellip;]\" \/>\n<meta property=\"og:url\" content=\"https:\/\/www.edmd-solutions.com\/hr\/about-us\/\" \/>\n<meta property=\"og:site_name\" content=\"EDMD Solutions\" \/>\n<meta property=\"article:modified_time\" content=\"2023-07-25T13:21:03+00:00\" \/>\n<meta property=\"og:image\" content=\"http:\/\/www.edmd-solutions.com\/wp-content\/uploads\/2023\/04\/SIEMENS-partner-emblem-e1681219059780.png\" \/>\n<meta name=\"twitter:card\" content=\"summary_large_image\" \/>\n<script type=\"application\/ld+json\" class=\"yoast-schema-graph\">{\"@context\":\"https:\\\/\\\/schema.org\",\"@graph\":[{\"@type\":\"WebPage\",\"@id\":\"https:\\\/\\\/www.edmd-solutions.com\\\/about-us\\\/\",\"url\":\"https:\\\/\\\/www.edmd-solutions.com\\\/about-us\\\/\",\"name\":\"About us | EDMD Solutions\",\"isPartOf\":{\"@id\":\"https:\\\/\\\/www.edmd-solutions.com\\\/#website\"},\"primaryImageOfPage\":{\"@id\":\"https:\\\/\\\/www.edmd-solutions.com\\\/about-us\\\/#primaryimage\"},\"image\":{\"@id\":\"https:\\\/\\\/www.edmd-solutions.com\\\/about-us\\\/#primaryimage\"},\"thumbnailUrl\":\"http:\\\/\\\/www.edmd-solutions.com\\\/wp-content\\\/uploads\\\/2023\\\/04\\\/SIEMENS-partner-emblem-e1681219059780.png\",\"datePublished\":\"2023-04-14T09:27:21+00:00\",\"dateModified\":\"2023-07-25T13:21:03+00:00\",\"breadcrumb\":{\"@id\":\"https:\\\/\\\/www.edmd-solutions.com\\\/about-us\\\/#breadcrumb\"},\"inLanguage\":\"hr\",\"potentialAction\":[{\"@type\":\"ReadAction\",\"target\":[\"https:\\\/\\\/www.edmd-solutions.com\\\/about-us\\\/\"]}]},{\"@type\":\"ImageObject\",\"inLanguage\":\"hr\",\"@id\":\"https:\\\/\\\/www.edmd-solutions.com\\\/about-us\\\/#primaryimage\",\"url\":\"http:\\\/\\\/www.edmd-solutions.com\\\/wp-content\\\/uploads\\\/2023\\\/04\\\/SIEMENS-partner-emblem-e1681219059780.png\",\"contentUrl\":\"http:\\\/\\\/www.edmd-solutions.com\\\/wp-content\\\/uploads\\\/2023\\\/04\\\/SIEMENS-partner-emblem-e1681219059780.png\"},{\"@type\":\"BreadcrumbList\",\"@id\":\"https:\\\/\\\/www.edmd-solutions.com\\\/about-us\\\/#breadcrumb\",\"itemListElement\":[{\"@type\":\"ListItem\",\"position\":1,\"name\":\"Home\",\"item\":\"https:\\\/\\\/www.edmd-solutions.com\\\/\"},{\"@type\":\"ListItem\",\"position\":2,\"name\":\"About us\"}]},{\"@type\":\"WebSite\",\"@id\":\"https:\\\/\\\/www.edmd-solutions.com\\\/#website\",\"url\":\"https:\\\/\\\/www.edmd-solutions.com\\\/\",\"name\":\"EDMD Solutions\",\"description\":\"Electronic design automation tools\",\"publisher\":{\"@id\":\"https:\\\/\\\/www.edmd-solutions.com\\\/#organization\"},\"potentialAction\":[{\"@type\":\"SearchAction\",\"target\":{\"@type\":\"EntryPoint\",\"urlTemplate\":\"https:\\\/\\\/www.edmd-solutions.com\\\/?s={search_term_string}\"},\"query-input\":{\"@type\":\"PropertyValueSpecification\",\"valueRequired\":true,\"valueName\":\"search_term_string\"}}],\"inLanguage\":\"hr\"},{\"@type\":\"Organization\",\"@id\":\"https:\\\/\\\/www.edmd-solutions.com\\\/#organization\",\"name\":\"EDMD Solutions\",\"url\":\"https:\\\/\\\/www.edmd-solutions.com\\\/\",\"logo\":{\"@type\":\"ImageObject\",\"inLanguage\":\"hr\",\"@id\":\"https:\\\/\\\/www.edmd-solutions.com\\\/#\\\/schema\\\/logo\\\/image\\\/\",\"url\":\"https:\\\/\\\/www.edmd-solutions.com\\\/wp-content\\\/uploads\\\/2023\\\/04\\\/edmd-solutions-site-icon.png\",\"contentUrl\":\"https:\\\/\\\/www.edmd-solutions.com\\\/wp-content\\\/uploads\\\/2023\\\/04\\\/edmd-solutions-site-icon.png\",\"width\":500,\"height\":500,\"caption\":\"EDMD Solutions\"},\"image\":{\"@id\":\"https:\\\/\\\/www.edmd-solutions.com\\\/#\\\/schema\\\/logo\\\/image\\\/\"},\"sameAs\":[\"https:\\\/\\\/hr.linkedin.com\\\/company\\\/edmd-solutions\"]}]}<\/script>\n<!-- \/ Yoast SEO plugin. -->","yoast_head_json":{"title":"About us | EDMD Solutions","robots":{"index":"index","follow":"follow","max-snippet":"max-snippet:-1","max-image-preview":"max-image-preview:large","max-video-preview":"max-video-preview:-1"},"canonical":"https:\/\/www.edmd-solutions.com\/hr\/about-us\/","og_locale":"hr_HR","og_type":"article","og_title":"About us | EDMD Solutions","og_description":"ABOUT US EDMD Solutions is company specialized in providing EDA (Electronic Design Automation) solutions \u2013 consultancy, software, and services. As official Mentor, a SIEMENS business distributor we are supporting our customers with end-to-end solutions for IC design, PCB design, Electronic Simulations, Thermal Simulations, and Manufacturing. Our team is responsible for the territories of Italy, Slovenia, [&hellip;]","og_url":"https:\/\/www.edmd-solutions.com\/hr\/about-us\/","og_site_name":"EDMD Solutions","article_modified_time":"2023-07-25T13:21:03+00:00","og_image":[{"url":"http:\/\/www.edmd-solutions.com\/wp-content\/uploads\/2023\/04\/SIEMENS-partner-emblem-e1681219059780.png","type":"","width":"","height":""}],"twitter_card":"summary_large_image","schema":{"@context":"https:\/\/schema.org","@graph":[{"@type":"WebPage","@id":"https:\/\/www.edmd-solutions.com\/about-us\/","url":"https:\/\/www.edmd-solutions.com\/about-us\/","name":"About us | EDMD Solutions","isPartOf":{"@id":"https:\/\/www.edmd-solutions.com\/#website"},"primaryImageOfPage":{"@id":"https:\/\/www.edmd-solutions.com\/about-us\/#primaryimage"},"image":{"@id":"https:\/\/www.edmd-solutions.com\/about-us\/#primaryimage"},"thumbnailUrl":"http:\/\/www.edmd-solutions.com\/wp-content\/uploads\/2023\/04\/SIEMENS-partner-emblem-e1681219059780.png","datePublished":"2023-04-14T09:27:21+00:00","dateModified":"2023-07-25T13:21:03+00:00","breadcrumb":{"@id":"https:\/\/www.edmd-solutions.com\/about-us\/#breadcrumb"},"inLanguage":"hr","potentialAction":[{"@type":"ReadAction","target":["https:\/\/www.edmd-solutions.com\/about-us\/"]}]},{"@type":"ImageObject","inLanguage":"hr","@id":"https:\/\/www.edmd-solutions.com\/about-us\/#primaryimage","url":"http:\/\/www.edmd-solutions.com\/wp-content\/uploads\/2023\/04\/SIEMENS-partner-emblem-e1681219059780.png","contentUrl":"http:\/\/www.edmd-solutions.com\/wp-content\/uploads\/2023\/04\/SIEMENS-partner-emblem-e1681219059780.png"},{"@type":"BreadcrumbList","@id":"https:\/\/www.edmd-solutions.com\/about-us\/#breadcrumb","itemListElement":[{"@type":"ListItem","position":1,"name":"Home","item":"https:\/\/www.edmd-solutions.com\/"},{"@type":"ListItem","position":2,"name":"About us"}]},{"@type":"WebSite","@id":"https:\/\/www.edmd-solutions.com\/#website","url":"https:\/\/www.edmd-solutions.com\/","name":"EDMD Solutions","description":"Electronic design automation tools","publisher":{"@id":"https:\/\/www.edmd-solutions.com\/#organization"},"potentialAction":[{"@type":"SearchAction","target":{"@type":"EntryPoint","urlTemplate":"https:\/\/www.edmd-solutions.com\/?s={search_term_string}"},"query-input":{"@type":"PropertyValueSpecification","valueRequired":true,"valueName":"search_term_string"}}],"inLanguage":"hr"},{"@type":"Organization","@id":"https:\/\/www.edmd-solutions.com\/#organization","name":"EDMD Solutions","url":"https:\/\/www.edmd-solutions.com\/","logo":{"@type":"ImageObject","inLanguage":"hr","@id":"https:\/\/www.edmd-solutions.com\/#\/schema\/logo\/image\/","url":"https:\/\/www.edmd-solutions.com\/wp-content\/uploads\/2023\/04\/edmd-solutions-site-icon.png","contentUrl":"https:\/\/www.edmd-solutions.com\/wp-content\/uploads\/2023\/04\/edmd-solutions-site-icon.png","width":500,"height":500,"caption":"EDMD Solutions"},"image":{"@id":"https:\/\/www.edmd-solutions.com\/#\/schema\/logo\/image\/"},"sameAs":["https:\/\/hr.linkedin.com\/company\/edmd-solutions"]}]}},"_links":{"self":[{"href":"https:\/\/www.edmd-solutions.com\/hr\/wp-json\/wp\/v2\/pages\/3178","targetHints":{"allow":["GET"]}}],"collection":[{"href":"https:\/\/www.edmd-solutions.com\/hr\/wp-json\/wp\/v2\/pages"}],"about":[{"href":"https:\/\/www.edmd-solutions.com\/hr\/wp-json\/wp\/v2\/types\/page"}],"author":[{"embeddable":true,"href":"https:\/\/www.edmd-solutions.com\/hr\/wp-json\/wp\/v2\/users\/4"}],"replies":[{"embeddable":true,"href":"https:\/\/www.edmd-solutions.com\/hr\/wp-json\/wp\/v2\/comments?post=3178"}],"version-history":[{"count":63,"href":"https:\/\/www.edmd-solutions.com\/hr\/wp-json\/wp\/v2\/pages\/3178\/revisions"}],"predecessor-version":[{"id":5613,"href":"https:\/\/www.edmd-solutions.com\/hr\/wp-json\/wp\/v2\/pages\/3178\/revisions\/5613"}],"wp:attachment":[{"href":"https:\/\/www.edmd-solutions.com\/hr\/wp-json\/wp\/v2\/media?parent=3178"}],"curies":[{"name":"wp","href":"https:\/\/api.w.org\/{rel}","templated":true}]}}