{"id":2756,"date":"2023-04-12T08:28:21","date_gmt":"2023-04-12T08:28:21","guid":{"rendered":"https:\/\/www.edmd-solutions.com\/?page_id=2756"},"modified":"2023-07-25T13:19:03","modified_gmt":"2023-07-25T13:19:03","slug":"support","status":"publish","type":"page","link":"https:\/\/www.edmd-solutions.com\/hr\/support\/","title":{"rendered":"Podr\u0161ka"},"content":{"rendered":"<div data-elementor-type=\"wp-page\" data-elementor-id=\"2756\" class=\"elementor elementor-2756\">\n\t\t\t\t\t\t<section class=\"elementor-section elementor-top-section elementor-element elementor-element-c5c0332 elementor-section-full_width elementor-section-height-default elementor-section-height-default\" data-id=\"c5c0332\" data-element_type=\"section\" data-e-type=\"section\" data-settings=\"{&quot;background_background&quot;:&quot;classic&quot;}\">\n\t\t\t\t\t\t\t<div class=\"elementor-background-overlay\"><\/div>\n\t\t\t\t\t\t\t<div class=\"elementor-container elementor-column-gap-default\">\n\t\t\t\t\t<div class=\"elementor-column elementor-col-100 elementor-top-column elementor-element elementor-element-9eede2a\" data-id=\"9eede2a\" data-element_type=\"column\" data-e-type=\"column\">\n\t\t\t<div class=\"elementor-widget-wrap elementor-element-populated\">\n\t\t\t\t\t\t<div class=\"elementor-element elementor-element-48b2f62 elementor-widget elementor-widget-heading\" data-id=\"48b2f62\" data-element_type=\"widget\" data-e-type=\"widget\" data-widget_type=\"heading.default\">\n\t\t\t\t<div class=\"elementor-widget-container\">\n\t\t\t\t\t<h1 class=\"elementor-heading-title elementor-size-large\">PODR\u0160KA<\/h1>\t\t\t\t<\/div>\n\t\t\t\t<\/div>\n\t\t\t\t\t<\/div>\n\t\t<\/div>\n\t\t\t\t\t<\/div>\n\t\t<\/section>\n\t\t\t\t<section class=\"elementor-section elementor-top-section elementor-element elementor-element-6f291c6 elementor-section-full_width elementor-section-height-default elementor-section-height-default\" data-id=\"6f291c6\" data-element_type=\"section\" data-e-type=\"section\" data-settings=\"{&quot;background_background&quot;:&quot;classic&quot;}\">\n\t\t\t\t\t\t<div class=\"elementor-container elementor-column-gap-default\">\n\t\t\t\t\t<div class=\"elementor-column elementor-col-100 elementor-top-column elementor-element elementor-element-94c053d\" data-id=\"94c053d\" data-element_type=\"column\" data-e-type=\"column\">\n\t\t\t<div class=\"elementor-widget-wrap elementor-element-populated\">\n\t\t\t\t\t\t<div class=\"elementor-element elementor-element-cbf3d46 elementor-widget elementor-widget-heading\" data-id=\"cbf3d46\" data-element_type=\"widget\" data-e-type=\"widget\" data-widget_type=\"heading.default\">\n\t\t\t\t<div class=\"elementor-widget-container\">\n\t\t\t\t\t<p class=\"elementor-heading-title elementor-size-large\">Zajedno s Mentor-om\/SIEMENS-om, pru\u017eamo stru\u010dnu podr\u0161ku za na\u0161e proizvode.<\/p>\t\t\t\t<\/div>\n\t\t\t\t<\/div>\n\t\t\t\t<div class=\"elementor-element elementor-element-5791161 elementor-widget elementor-widget-text-editor\" data-id=\"5791161\" data-element_type=\"widget\" data-e-type=\"widget\" data-widget_type=\"text-editor.default\">\n\t\t\t\t<div class=\"elementor-widget-container\">\n\t\t\t\t\t\t\t\t\t<p>Stru\u010dna podr\u0161ka va\u017ean je dio na\u0161eg poslovanja jer osigurava da na\u0161i klijenti imaju pristup najnovijim resursima kako bi maksimalno iskoristili SIEMENS proizvode. Partnerski ugovor s SIEMENS-om omogu\u0107uje nam neposredan pristup najnovijim a\u017euriranjima softvera i novim verzijama, sveobuhvatnim mre\u017enim resursima, redovitim obavijestima o tehni\u010dkim a\u017euriranjima proizvoda kao i pristup globalnom timu in\u017eenjera tehni\u010dke podr\u0161ke s opse\u017enim prakti\u010dnim iskustvom, a sve u cilju pru\u017eanja najboljeg iskustva na\u0161im korisnicima.<\/p>\t\t\t\t\t\t\t\t<\/div>\n\t\t\t\t<\/div>\n\t\t\t\t<div class=\"elementor-element elementor-element-6e98a3e elementor-widget elementor-widget-heading\" data-id=\"6e98a3e\" data-element_type=\"widget\" data-e-type=\"widget\" data-widget_type=\"heading.default\">\n\t\t\t\t<div class=\"elementor-widget-container\">\n\t\t\t\t\t<p class=\"elementor-heading-title elementor-size-large\">Klju\u010dne zna\u010dajke i prednosti koje, zahvaljuju\u0107i SIEMENS ugovoru o podr\u0161ci, omogu\u0107ujemo na\u0161im klijentima:<\/p>\t\t\t\t<\/div>\n\t\t\t\t<\/div>\n\t\t\t\t<div class=\"elementor-element elementor-element-1533b65 elementor-widget elementor-widget-text-editor\" data-id=\"1533b65\" data-element_type=\"widget\" data-e-type=\"widget\" data-widget_type=\"text-editor.default\">\n\t\t\t\t<div class=\"elementor-widget-container\">\n\t\t\t\t\t\t\t\t\t<ul><li>Softverska a\u017euriranja, uklju\u010duju\u0107i nove verzije, a\u017euriranja servisnih paketa, uklanjanje problema i svu pripadaju\u0107u dokumentaciju kako bi na\u0161i korisnici imali najnovije zna\u010dajke i mogu\u0107nosti<\/li><li>Tehni\u010dka podr\u0161ka iskusnih SIEMENS-ovih in\u017eenjera za podr\u0161ku koji mogu rije\u0161iti najslo\u017eenije izazove dizajna i proizvodnje<\/li><\/ul>\t\t\t\t\t\t\t\t<\/div>\n\t\t\t\t<\/div>\n\t\t\t\t<div class=\"elementor-element elementor-element-c25ff57 elementor-widget elementor-widget-heading\" data-id=\"c25ff57\" data-element_type=\"widget\" data-e-type=\"widget\" data-widget_type=\"heading.default\">\n\t\t\t\t<div class=\"elementor-widget-container\">\n\t\t\t\t\t<p class=\"elementor-heading-title elementor-size-large\">Ostale opcije podr\u0161ke za na\u0161e\/SIEMENS klijente:<\/p>\t\t\t\t<\/div>\n\t\t\t\t<\/div>\n\t\t\t\t<div class=\"elementor-element elementor-element-639b3f6 elementor-widget elementor-widget-text-editor\" data-id=\"639b3f6\" data-element_type=\"widget\" data-e-type=\"widget\" data-widget_type=\"text-editor.default\">\n\t\t\t\t<div class=\"elementor-widget-container\">\n\t\t\t\t\t\t\t\t\t<ul>\n<li><a href=\"https:\/\/www.plm.automation.siemens.com\/global\/en\/support\/\" target=\"_blank\" rel=\"noopener\">SIEMENS Global Support<\/a>, SIEMENS-ova web stranica za podr\u0161ku, koja omogu\u0107uje 24\u00d77 pristup podr\u0161ci i resursima za administraciju sustava proizvoda korisnika (potreban je korisni\u010dki ra\u010dun *)<\/li>\n<li><a href=\"https:\/\/community.sw.siemens.com\/s\/\" target=\"_blank\" rel=\"noopener\">SIEMENS Community<\/a>, koji daje priliku za u\u010denje, dijeljenje informacija i povezivanje s drugim korisnicima<\/li><li style=\"list-style-type: none;\"><ul>\n<\/ul>\n<\/li>\n<\/ul>\t\t\t\t\t\t\t\t<\/div>\n\t\t\t\t<\/div>\n\t\t\t\t\t<\/div>\n\t\t<\/div>\n\t\t\t\t\t<\/div>\n\t\t<\/section>\n\t\t\t\t<section class=\"elementor-section elementor-top-section elementor-element elementor-element-935dfb5 elementor-section-full_width elementor-section-height-default elementor-section-height-default\" data-id=\"935dfb5\" data-element_type=\"section\" data-e-type=\"section\" data-settings=\"{&quot;background_background&quot;:&quot;classic&quot;}\">\n\t\t\t\t\t\t<div class=\"elementor-container elementor-column-gap-default\">\n\t\t\t\t\t<div class=\"elementor-column elementor-col-50 elementor-top-column elementor-element elementor-element-f0b4527\" data-id=\"f0b4527\" data-element_type=\"column\" data-e-type=\"column\" data-settings=\"{&quot;background_background&quot;:&quot;classic&quot;}\">\n\t\t\t<div class=\"elementor-widget-wrap elementor-element-populated\">\n\t\t\t\t\t\t<section class=\"elementor-section elementor-inner-section elementor-element elementor-element-4451fc4 elementor-section-height-min-height elementor-section-boxed elementor-section-height-default\" data-id=\"4451fc4\" data-element_type=\"section\" data-e-type=\"section\" data-settings=\"{&quot;background_background&quot;:&quot;classic&quot;}\">\n\t\t\t\t\t\t\t<div class=\"elementor-background-overlay\"><\/div>\n\t\t\t\t\t\t\t<div class=\"elementor-container elementor-column-gap-default\">\n\t\t\t\t\t<div class=\"elementor-column elementor-col-100 elementor-inner-column elementor-element elementor-element-cb14baf\" data-id=\"cb14baf\" data-element_type=\"column\" data-e-type=\"column\">\n\t\t\t<div class=\"elementor-widget-wrap elementor-element-populated\">\n\t\t\t\t\t\t<div class=\"elementor-element elementor-element-af34344 elementor-widget elementor-widget-heading\" data-id=\"af34344\" data-element_type=\"widget\" data-e-type=\"widget\" data-widget_type=\"heading.default\">\n\t\t\t\t<div class=\"elementor-widget-container\">\n\t\t\t\t\t<p class=\"elementor-heading-title elementor-size-large\">Blog<\/p>\t\t\t\t<\/div>\n\t\t\t\t<\/div>\n\t\t\t\t<div class=\"elementor-element elementor-element-15f4e0e elementor-widget elementor-widget-heading\" data-id=\"15f4e0e\" data-element_type=\"widget\" data-e-type=\"widget\" data-widget_type=\"heading.default\">\n\t\t\t\t<div class=\"elementor-widget-container\">\n\t\t\t\t\t<p class=\"elementor-heading-title elementor-size-large\">Budite u koraku sa tehnologijom, inovacijama i informacijama iz svijeta elektroni\u010dkog dizajna.\n\n<\/p>\t\t\t\t<\/div>\n\t\t\t\t<\/div>\n\t\t\t\t<div class=\"elementor-element elementor-element-27c2d24 elementor-widget elementor-widget-button\" data-id=\"27c2d24\" data-element_type=\"widget\" data-e-type=\"widget\" data-widget_type=\"button.default\">\n\t\t\t\t<div class=\"elementor-widget-container\">\n\t\t\t\t\t\t\t\t\t<div class=\"elementor-button-wrapper\">\n\t\t\t\t\t<a class=\"elementor-button elementor-button-link elementor-size-sm\" href=\"https:\/\/www.edmd-solutions.com\/hr\/blog\/\">\n\t\t\t\t\t\t<span class=\"elementor-button-content-wrapper\">\n\t\t\t\t\t\t\t\t\t<span class=\"elementor-button-text\">USPJE\u0160NE PRI\u010cE, STRU\u010cNI UVIDI, IDEJE<\/span>\n\t\t\t\t\t<\/span>\n\t\t\t\t\t<\/a>\n\t\t\t\t<\/div>\n\t\t\t\t\t\t\t\t<\/div>\n\t\t\t\t<\/div>\n\t\t\t\t\t<\/div>\n\t\t<\/div>\n\t\t\t\t\t<\/div>\n\t\t<\/section>\n\t\t\t\t\t<\/div>\n\t\t<\/div>\n\t\t\t\t<div class=\"elementor-column elementor-col-50 elementor-top-column elementor-element elementor-element-027f581\" data-id=\"027f581\" data-element_type=\"column\" data-e-type=\"column\" data-settings=\"{&quot;background_background&quot;:&quot;classic&quot;}\">\n\t\t\t<div class=\"elementor-widget-wrap elementor-element-populated\">\n\t\t\t\t\t\t<section class=\"elementor-section elementor-inner-section elementor-element elementor-element-a2a0597 elementor-section-height-min-height elementor-section-boxed elementor-section-height-default\" data-id=\"a2a0597\" data-element_type=\"section\" data-e-type=\"section\" data-settings=\"{&quot;background_background&quot;:&quot;classic&quot;}\">\n\t\t\t\t\t\t\t<div class=\"elementor-background-overlay\"><\/div>\n\t\t\t\t\t\t\t<div class=\"elementor-container elementor-column-gap-default\">\n\t\t\t\t\t<div class=\"elementor-column elementor-col-100 elementor-inner-column elementor-element elementor-element-bca1223\" data-id=\"bca1223\" data-element_type=\"column\" data-e-type=\"column\">\n\t\t\t<div class=\"elementor-widget-wrap elementor-element-populated\">\n\t\t\t\t\t\t<div class=\"elementor-element elementor-element-d6523b9 elementor-widget elementor-widget-heading\" data-id=\"d6523b9\" data-element_type=\"widget\" data-e-type=\"widget\" data-widget_type=\"heading.default\">\n\t\t\t\t<div class=\"elementor-widget-container\">\n\t\t\t\t\t<p class=\"elementor-heading-title elementor-size-large\">Centar znanja<\/p>\t\t\t\t<\/div>\n\t\t\t\t<\/div>\n\t\t\t\t<div class=\"elementor-element elementor-element-5b71ee6 elementor-widget elementor-widget-heading\" data-id=\"5b71ee6\" data-element_type=\"widget\" data-e-type=\"widget\" data-widget_type=\"heading.default\">\n\t\t\t\t<div class=\"elementor-widget-container\">\n\t\t\t\t\t<p class=\"elementor-heading-title elementor-size-large\">Prijavite se za besplatne i pla\u0107ene certifikacije i obuku koju pru\u017eaju SIEMENS stru\u010dnjaci.<\/p>\t\t\t\t<\/div>\n\t\t\t\t<\/div>\n\t\t\t\t<div class=\"elementor-element elementor-element-b3c4c1c elementor-widget elementor-widget-button\" data-id=\"b3c4c1c\" data-element_type=\"widget\" data-e-type=\"widget\" data-widget_type=\"button.default\">\n\t\t\t\t<div class=\"elementor-widget-container\">\n\t\t\t\t\t\t\t\t\t<div class=\"elementor-button-wrapper\">\n\t\t\t\t\t<a class=\"elementor-button elementor-button-link elementor-size-sm\" href=\"https:\/\/www.edmd-solutions.com\/hr\/learning-center\/\">\n\t\t\t\t\t\t<span class=\"elementor-button-content-wrapper\">\n\t\t\t\t\t\t\t\t\t<span class=\"elementor-button-text\">PRO\u0160IRITE SVOJE ZNANJE<\/span>\n\t\t\t\t\t<\/span>\n\t\t\t\t\t<\/a>\n\t\t\t\t<\/div>\n\t\t\t\t\t\t\t\t<\/div>\n\t\t\t\t<\/div>\n\t\t\t\t\t<\/div>\n\t\t<\/div>\n\t\t\t\t\t<\/div>\n\t\t<\/section>\n\t\t\t\t\t<\/div>\n\t\t<\/div>\n\t\t\t\t\t<\/div>\n\t\t<\/section>\n\t\t\t\t<\/div>","protected":false},"excerpt":{"rendered":"<p>SUPPORT Together with Mentor\/SIEMENS, we are providing first class support for our products. Support service is an indispensable resource to ensure that our customers have access to the latest resources to keep them productive with SIEMENS products. A SIEMENS agreement provides immediate access to the latest software updates and new versions, comprehensive online resources, regular [&hellip;]<\/p>\n","protected":false},"author":4,"featured_media":0,"parent":0,"menu_order":0,"comment_status":"closed","ping_status":"closed","template":"elementor_canvas","meta":{"_monsterinsights_skip_tracking":false,"_monsterinsights_sitenote_active":false,"_monsterinsights_sitenote_note":"","_monsterinsights_sitenote_category":0,"footnotes":""},"class_list":["post-2756","page","type-page","status-publish","hentry"],"yoast_head":"<!-- This site is optimized with the Yoast SEO plugin v27.6 - https:\/\/yoast.com\/product\/yoast-seo-wordpress\/ -->\n<title>Support | EDMD Solutions<\/title>\n<meta name=\"robots\" content=\"index, follow, max-snippet:-1, max-image-preview:large, max-video-preview:-1\" \/>\n<link rel=\"canonical\" href=\"https:\/\/www.edmd-solutions.com\/hr\/support\/\" \/>\n<meta property=\"og:locale\" content=\"hr_HR\" \/>\n<meta property=\"og:type\" content=\"article\" \/>\n<meta property=\"og:title\" content=\"Support | EDMD Solutions\" \/>\n<meta property=\"og:description\" content=\"SUPPORT Together with Mentor\/SIEMENS, we are providing first class support for our products. Support service is an indispensable resource to ensure that our customers have access to the latest resources to keep them productive with SIEMENS products. A SIEMENS agreement provides immediate access to the latest software updates and new versions, comprehensive online resources, regular [&hellip;]\" \/>\n<meta property=\"og:url\" content=\"https:\/\/www.edmd-solutions.com\/hr\/support\/\" \/>\n<meta property=\"og:site_name\" content=\"EDMD Solutions\" \/>\n<meta property=\"article:modified_time\" content=\"2023-07-25T13:19:03+00:00\" \/>\n<meta property=\"og:image\" content=\"https:\/\/www.edmd-solutions.com\/wp-content\/uploads\/2023\/04\/edmd-solutions-site-icon.png\" \/>\n\t<meta property=\"og:image:width\" content=\"500\" \/>\n\t<meta property=\"og:image:height\" content=\"500\" \/>\n\t<meta property=\"og:image:type\" content=\"image\/png\" \/>\n<meta name=\"twitter:card\" content=\"summary_large_image\" \/>\n<script type=\"application\/ld+json\" class=\"yoast-schema-graph\">{\"@context\":\"https:\\\/\\\/schema.org\",\"@graph\":[{\"@type\":\"WebPage\",\"@id\":\"https:\\\/\\\/www.edmd-solutions.com\\\/support\\\/\",\"url\":\"https:\\\/\\\/www.edmd-solutions.com\\\/support\\\/\",\"name\":\"Support | EDMD Solutions\",\"isPartOf\":{\"@id\":\"https:\\\/\\\/www.edmd-solutions.com\\\/#website\"},\"datePublished\":\"2023-04-12T08:28:21+00:00\",\"dateModified\":\"2023-07-25T13:19:03+00:00\",\"breadcrumb\":{\"@id\":\"https:\\\/\\\/www.edmd-solutions.com\\\/support\\\/#breadcrumb\"},\"inLanguage\":\"hr\",\"potentialAction\":[{\"@type\":\"ReadAction\",\"target\":[\"https:\\\/\\\/www.edmd-solutions.com\\\/support\\\/\"]}]},{\"@type\":\"BreadcrumbList\",\"@id\":\"https:\\\/\\\/www.edmd-solutions.com\\\/support\\\/#breadcrumb\",\"itemListElement\":[{\"@type\":\"ListItem\",\"position\":1,\"name\":\"Home\",\"item\":\"https:\\\/\\\/www.edmd-solutions.com\\\/\"},{\"@type\":\"ListItem\",\"position\":2,\"name\":\"Support\"}]},{\"@type\":\"WebSite\",\"@id\":\"https:\\\/\\\/www.edmd-solutions.com\\\/#website\",\"url\":\"https:\\\/\\\/www.edmd-solutions.com\\\/\",\"name\":\"EDMD Solutions\",\"description\":\"Electronic design automation tools\",\"publisher\":{\"@id\":\"https:\\\/\\\/www.edmd-solutions.com\\\/#organization\"},\"potentialAction\":[{\"@type\":\"SearchAction\",\"target\":{\"@type\":\"EntryPoint\",\"urlTemplate\":\"https:\\\/\\\/www.edmd-solutions.com\\\/?s={search_term_string}\"},\"query-input\":{\"@type\":\"PropertyValueSpecification\",\"valueRequired\":true,\"valueName\":\"search_term_string\"}}],\"inLanguage\":\"hr\"},{\"@type\":\"Organization\",\"@id\":\"https:\\\/\\\/www.edmd-solutions.com\\\/#organization\",\"name\":\"EDMD Solutions\",\"url\":\"https:\\\/\\\/www.edmd-solutions.com\\\/\",\"logo\":{\"@type\":\"ImageObject\",\"inLanguage\":\"hr\",\"@id\":\"https:\\\/\\\/www.edmd-solutions.com\\\/#\\\/schema\\\/logo\\\/image\\\/\",\"url\":\"https:\\\/\\\/www.edmd-solutions.com\\\/wp-content\\\/uploads\\\/2023\\\/04\\\/edmd-solutions-site-icon.png\",\"contentUrl\":\"https:\\\/\\\/www.edmd-solutions.com\\\/wp-content\\\/uploads\\\/2023\\\/04\\\/edmd-solutions-site-icon.png\",\"width\":500,\"height\":500,\"caption\":\"EDMD Solutions\"},\"image\":{\"@id\":\"https:\\\/\\\/www.edmd-solutions.com\\\/#\\\/schema\\\/logo\\\/image\\\/\"},\"sameAs\":[\"https:\\\/\\\/hr.linkedin.com\\\/company\\\/edmd-solutions\"]}]}<\/script>\n<!-- \/ Yoast SEO plugin. -->","yoast_head_json":{"title":"Support | EDMD Solutions","robots":{"index":"index","follow":"follow","max-snippet":"max-snippet:-1","max-image-preview":"max-image-preview:large","max-video-preview":"max-video-preview:-1"},"canonical":"https:\/\/www.edmd-solutions.com\/hr\/support\/","og_locale":"hr_HR","og_type":"article","og_title":"Support | EDMD Solutions","og_description":"SUPPORT Together with Mentor\/SIEMENS, we are providing first class support for our products. Support service is an indispensable resource to ensure that our customers have access to the latest resources to keep them productive with SIEMENS products. A SIEMENS agreement provides immediate access to the latest software updates and new versions, comprehensive online resources, regular [&hellip;]","og_url":"https:\/\/www.edmd-solutions.com\/hr\/support\/","og_site_name":"EDMD Solutions","article_modified_time":"2023-07-25T13:19:03+00:00","og_image":[{"width":500,"height":500,"url":"https:\/\/www.edmd-solutions.com\/wp-content\/uploads\/2023\/04\/edmd-solutions-site-icon.png","type":"image\/png"}],"twitter_card":"summary_large_image","schema":{"@context":"https:\/\/schema.org","@graph":[{"@type":"WebPage","@id":"https:\/\/www.edmd-solutions.com\/support\/","url":"https:\/\/www.edmd-solutions.com\/support\/","name":"Support | EDMD Solutions","isPartOf":{"@id":"https:\/\/www.edmd-solutions.com\/#website"},"datePublished":"2023-04-12T08:28:21+00:00","dateModified":"2023-07-25T13:19:03+00:00","breadcrumb":{"@id":"https:\/\/www.edmd-solutions.com\/support\/#breadcrumb"},"inLanguage":"hr","potentialAction":[{"@type":"ReadAction","target":["https:\/\/www.edmd-solutions.com\/support\/"]}]},{"@type":"BreadcrumbList","@id":"https:\/\/www.edmd-solutions.com\/support\/#breadcrumb","itemListElement":[{"@type":"ListItem","position":1,"name":"Home","item":"https:\/\/www.edmd-solutions.com\/"},{"@type":"ListItem","position":2,"name":"Support"}]},{"@type":"WebSite","@id":"https:\/\/www.edmd-solutions.com\/#website","url":"https:\/\/www.edmd-solutions.com\/","name":"EDMD Solutions","description":"Electronic design automation tools","publisher":{"@id":"https:\/\/www.edmd-solutions.com\/#organization"},"potentialAction":[{"@type":"SearchAction","target":{"@type":"EntryPoint","urlTemplate":"https:\/\/www.edmd-solutions.com\/?s={search_term_string}"},"query-input":{"@type":"PropertyValueSpecification","valueRequired":true,"valueName":"search_term_string"}}],"inLanguage":"hr"},{"@type":"Organization","@id":"https:\/\/www.edmd-solutions.com\/#organization","name":"EDMD Solutions","url":"https:\/\/www.edmd-solutions.com\/","logo":{"@type":"ImageObject","inLanguage":"hr","@id":"https:\/\/www.edmd-solutions.com\/#\/schema\/logo\/image\/","url":"https:\/\/www.edmd-solutions.com\/wp-content\/uploads\/2023\/04\/edmd-solutions-site-icon.png","contentUrl":"https:\/\/www.edmd-solutions.com\/wp-content\/uploads\/2023\/04\/edmd-solutions-site-icon.png","width":500,"height":500,"caption":"EDMD Solutions"},"image":{"@id":"https:\/\/www.edmd-solutions.com\/#\/schema\/logo\/image\/"},"sameAs":["https:\/\/hr.linkedin.com\/company\/edmd-solutions"]}]}},"_links":{"self":[{"href":"https:\/\/www.edmd-solutions.com\/hr\/wp-json\/wp\/v2\/pages\/2756","targetHints":{"allow":["GET"]}}],"collection":[{"href":"https:\/\/www.edmd-solutions.com\/hr\/wp-json\/wp\/v2\/pages"}],"about":[{"href":"https:\/\/www.edmd-solutions.com\/hr\/wp-json\/wp\/v2\/types\/page"}],"author":[{"embeddable":true,"href":"https:\/\/www.edmd-solutions.com\/hr\/wp-json\/wp\/v2\/users\/4"}],"replies":[{"embeddable":true,"href":"https:\/\/www.edmd-solutions.com\/hr\/wp-json\/wp\/v2\/comments?post=2756"}],"version-history":[{"count":62,"href":"https:\/\/www.edmd-solutions.com\/hr\/wp-json\/wp\/v2\/pages\/2756\/revisions"}],"predecessor-version":[{"id":5602,"href":"https:\/\/www.edmd-solutions.com\/hr\/wp-json\/wp\/v2\/pages\/2756\/revisions\/5602"}],"wp:attachment":[{"href":"https:\/\/www.edmd-solutions.com\/hr\/wp-json\/wp\/v2\/media?parent=2756"}],"curies":[{"name":"wp","href":"https:\/\/api.w.org\/{rel}","templated":true}]}}